{"id":6,"date":"2019-10-18T12:58:34","date_gmt":"2019-10-18T10:58:34","guid":{"rendered":"https:\/\/studiolaspina.com\/index.php\/mesmerize-pro\/"},"modified":"2025-07-03T11:39:21","modified_gmt":"2025-07-03T09:39:21","slug":"mesmerize-pro","status":"publish","type":"page","link":"https:\/\/studiolaspina.com\/","title":{"rendered":"Front Page"},"content":{"rendered":"<div  data-label=\"Cta\" data-id=\"cta--2\" data-export-id=\"cta-centered-section-grid\" data-category=\"cta\" class=\"cta-centered-section-grid content-section content-section-spacing-medium bg-color1 white-text content-relative\" id=\"cta-3\" style=\"background-image: none; background-color: rgb(6, 79, 143);\" data-section-ov=\"1\"><div  class=\"gridContainer\"> <div  class=\"row text-center\"><div  class=\"col-xs-12 col-sm-10 col-sm-offset-1 col-md-8 col-md-offset-2\" data-type=\"column\"> <h2  class=\"\">AMMINISTRAZIONI IMMOBILIARI SRL<\/h2>  <\/div> <\/div><\/div> <\/div><div  data-label=\"Chi siamo\" data-id=\"about--1\" data-export-id=\"about-text-image\" data-category=\"about\" class=\"about-text-image content-section content-section-spacing\" id=\"chi-siamo\" style=\"background-color: rgb(245, 250, 253);\"><div  class=\"gridContainer\"> <div  class=\"row\"><div  class=\"col-sm-6 col-padding-small-xs col-sm-padding-large bg-color5 white-text content-col\" data-type=\"column\">  <h2  class=\"\">UN BINOMIO VINCENTE: COMPETENZA ED ESPERIENZA PER UN VERO RISPARMIO ECONOMICO<\/h2> <p  class=\"\">La professionalita\u0300, la competenza, l\u2019esperienza nel settore e la fiducia del cliente ci permettono di risolvere in tempi rapidi le problematiche connesse agli immobili, che spesso, si riscontrano quando si acquisisce un nuovo stabile, nella rendicontazione e pertanto nella necessita\u0300 di una sua revisione contabile, nei passaggi di consegna da un amministratore ad un altro cosi\u0300 come nella responsabilita\u0300 giornaliera degli interventi che gestiamo con immediatezza anche nei periodi piu\u0300 critici, nelle festivita\u0300, nei ponti e durante il periodo estivo, nonch\u00e9 nella stesura comparativa di preventivi ad hoc per ogni condominio a cui riusciamo a far conseguire sempre dei risparmi economici.<br >\nUn preliminare studio del bilancio di gestione e del preventivo, nonche\u0301 la possibilita\u0300 di intervenire con societ\u00e0 di indubbia serieta\u0300 e solidita\u0300 economica, che garantiscono il contenimento dei costi assicurando altresi\u0300 un ottimo servizio, ci permettono di offrirvi una prestazione di alto livello con un risparmio concreto sui costi preventivati.<\/p><\/div> <div  class=\"col-sm-6 flexbox-strech center-xs middle-xs no-gutter-col\"><div  class=\"shadow-large overlap-left-large flexbox middle-xs center-xs right-img\" data-bg=\"image\" style=\"background-image: url(&quot;https:\/\/studiolaspina.com\/wp-content\/uploads\/2021\/10\/AdobeStock_175818683-min-1.jpeg&quot;);\"><\/div><\/div> <\/div><\/div> <\/div><div  id=\"cta-1\" data-label=\"Cta\" data-id=\"cta-blue-section\" data-export-id=\"cta-blue-section\" data-category=\"cta\" class=\"cta-blue-section content-section content-section-spacing-medium bg-color1 white-text content-relative\" style=\"background-image: none; background-color: rgb(255, 255, 255);\"><div  class=\"gridContainer\"> <div  class=\"row middle-xs\"><div  class=\"col-sm-8 space-bottom-xs\" data-type=\"column\"> <h2  class=\"\" style=\"text-align: center;\"><span  style=\"color: rgb(0, 0, 0); font-weight: 600;\">RICHIEDI UN PREVENTIVO<\/span><\/h2> <\/div> <div  class=\"col-sm-4 end-sm\" data-type=\"column\"> <a class=\"button color7\" href=\"#contatti\" target=\"_self\" data-cp-link=\"1\" data-icon=\"\" rel=\"noopener noreferrer\">CONTATTACI<\/a><\/div> <\/div><\/div> <\/div><div  data-label=\"I nostri servizi\" data-id=\"content--1\" data-export-id=\"content-9\" data-category=\"content\" class=\"content-9 content-section content-section-spacing content-relative\" id=\"i-nostri-servizi-1\" style=\"background-color: rgba(3, 169, 244, 0); background-size: cover; background-image: none; background-position: center top;\" data-section-ov=\"1\"><div  class=\"section-separator-top\">\n    <svg  xmlns=\"http:\/\/www.w3.org\/2000\/svg\" viewBox=\"0 0 700 10\" preserveAspectRatio=\"none\" data-separator-name=\"arrow\" class=\"section-separator-top\">\n\t<path  class=\"svg-white-bg\" d=\"M350,10L340,0h20L350,10z\"><\/path>\n<\/svg>\n<\/div><div  class=\"gridContainer\"> <div  class=\"row text-center\"><div  class=\"section-title-col\" data-type=\"column\"> <h2  class=\"\"><span  style=\"font-weight: 700;\">PERCHE\u2019 SCEGLIERE NOI<\/span><\/h2> <\/div> <\/div> <div  class=\"row space-bottom text-center\" data-type=\"row\"> <div  class=\"col-sm-4 col-padding-small\"> <i  class=\"fa icon fa-check reverse round large color7\"><\/i> <h4  class=\"\"><span  style=\"font-weight: 700;\">MODERNITA\u2019<\/span><\/h4> <h5  class=\"\"><span  style=\"font-weight: 300;\">Uno Studio informatizzato, <span  style=\"font-weight: 700;\">sempre<\/span><\/span><br ><span  style=\"font-weight: 300;\"><span  style=\"font-weight: 700;\">\naggiornato sulle normative<\/span> in<\/span><br ><span  style=\"font-weight: 300;\">\ncontinuo mutamento e con una<\/span><br ><span  style=\"font-weight: 300;\">\nvisione panoramica sul settore<\/span><br ><span  style=\"font-weight: 300;\">\ncondominiale.<\/span><\/h5><\/div> <div  class=\"col-sm-4 col-padding-small\"><i  class=\"fa icon fa-life-bouy reverse round large color7\"><\/i> <h4  class=\"\"><span  style=\"font-weight: 700;\">TRASPARENZA<\/span><\/h4> <h5  class=\"\"><span  style=\"font-weight: 300;\">Il nostro approccio con i clienti \u00e8<\/span><br ><span  style=\"font-weight: 300;\">\nscandito da modalit\u00e0 operative<\/span><br ><span  style=\"font-weight: 300;\">\nconsolidate che ci permettono di<\/span><br ><span  style=\"font-weight: 300;\">\nessere <span  style=\"font-weight: 700;\">trasparenti e tempestivi<\/span> in<\/span><br ><span  style=\"font-weight: 300;\">\nfatto di comunicazione e<\/span><br ><span  style=\"font-weight: 300;\">\nrendicontazione.<\/span><\/h5><\/div> <div  class=\"col-sm-4 col-padding-small\"><i  class=\"fa icon fa-thumbs-o-up reverse round large color7\"><\/i> <h4  class=\"\"><span  style=\"font-weight: 700;\">EFFICIENZA<\/span><\/h4> <h5  class=\"\"><span  style=\"font-weight: 300;\">La nostra missione \u00e8 sollevare i<\/span><br ><span  style=\"font-weight: 300;\">\ncondom\u00ecni da ogni incombenza. Lo<\/span><br ><span  style=\"font-weight: 300;\">\nstudio offre una gestione<\/span><br ><span  style=\"font-weight: 300;\">\nottimizzata dell\u2019amministrazione<\/span><br ><span  style=\"font-weight: 300;\">\ncondominiale, <span  style=\"font-weight: 700;\">garantendo i<\/span><\/span><br ><span  style=\"font-weight: 300;\"><span  style=\"font-weight: 700;\">\nmigliori risultati<\/span> nel minor tempo<\/span><br ><span  style=\"font-weight: 300;\">\npossibile.<\/span><\/h5><\/div> <\/div> <div  class=\"row center-xs middle-xs\"> <div  class=\"col-sm-12\" data-type=\"column\">  <\/div><\/div> <\/div><\/div><div  data-label=\"Cta\" data-id=\"cta--1\" data-export-id=\"cta-centered-section-grid\" data-category=\"cta\" class=\"cta-centered-section-grid content-section content-section-spacing-medium bg-color1 white-text content-relative\" id=\"cta-2\" style=\"background-image: none; background-color: rgb(4, 79, 143);\"><div  class=\"gridContainer\"> <div  class=\"row text-center\"><div  class=\"col-xs-12 col-sm-10 col-sm-offset-1 col-md-8 col-md-offset-2\" data-type=\"column\"> <h2  class=\"\">Lo studio \u00e8 iscritto all\u2019associazione di categoria nazionale ANACI,<\/h2> <p  class=\"\">con la quale segue costantemente i corsi di aggiornamento professionale.<\/p> <img decoding=\"async\"  class=\"custom-image\" src=\"https:\/\/studiolaspina.com\/wp-content\/uploads\/2020\/07\/LOGO-ANACI-..png\" alt=\"\" title=\"LOGO ANACI .\"><\/div> <\/div><\/div> <\/div><div  data-label=\"I nostri servizi\" data-id=\"features--1\" data-export-id=\"features-13\" data-category=\"features\" class=\"features-13 content-section content-section-spacing content-relative\" id=\"i-nostri-servizi\" style=\"background-color: rgb(245, 250, 253);\"><div  class=\"section-separator-top\">\n    <svg  class=\"section-separator-top\" data-separator-name=\"triangle-asymmetrical-negative\" preserveAspectRatio=\"none\" viewBox=\"0 0 1000 100\" xmlns=\"http:\/\/www.w3.org\/2000\/svg\">\n        <path  class=\"svg-white-bg\" d=\"M737.9,94.7L0,0v100h1000V0L737.9,94.7z\"><\/path>\n    <\/svg>\n<\/div><div  class=\"gridContainer\"> <div  class=\"row text-center\"><div  class=\"section-title-col\" data-type=\"column\"> <h2  class=\"\"><span  class=\"\" style=\"margin-bottom: 16px; outline-color: rgb(204, 204, 204); outline-style: solid; text-rendering: optimizeLegibility; font-size: 2.5rem; line-height: 3rem; word-wrap: break-word;\">COSA OFFRIAMO<\/span><\/h2> <h5  class=\"\"><span  style=\"font-family: &quot;Open Sans&quot;, arial, helvetica, sans-serif; font-weight: 400;\">Siamo in grado di offrire ai nostri clienti una serie di servizi completa ed interdisciplinare, per poter affrontare le problematiche riguardanti il settore ed il mercato immobiliare.<\/span><\/h5><\/div> <\/div> <div  class=\"row spaced-cols\" data-type=\"row\"> <div  class=\"col col-sm-6 space-bottom col-md-4\"> <i  class=\"fa icon fa-calculator bordered round big color7\"><\/i> <h4  class=\"\"><span  style=\"color: rgb(4, 79, 143); font-weight: 700;\">AMMINISTRAZIONE E CONTABILITA\u2019<\/span><\/h4> <p  class=\"\">Gestione a 360\u00b0: redazione bilanci, resoconti, riparto spese in base alle tabelle millesimali e riscossione delle quote. Disponiamo dei migliori e pi\u00f9 recenti programmi gestionali in grado di offrire trasparenza, puntualit\u00e0 e totale rispetto della privacy.<\/p> <\/div> <div  class=\"col col-sm-6 space-bottom col-md-4\"> <i  class=\"fa icon fa-comments-o bordered round big color7\"><\/i> <h4  class=\"\"><span  style=\"font-weight: 700; color: rgb(4, 79, 143);\">CONSULENZA\ufeff LEGALE E FISCALE<\/span><\/h4> <p  class=\"\">Grazie ad un approccio consulenziale, supportiamo i condom\u00ecni negli aspetti fiscali (obblighi, ritenute d\u2019acconto, cessione, trasferimento, affitti e vendite immobili) e legali (tutela degli interessi, rappresentanza).<\/p> <\/div><div  class=\"col col-sm-6 space-bottom col-md-4\"><i  class=\"fa icon fa-lock bordered round big color7\"><\/i> <h4  class=\"\"><span  style=\"font-weight: 700; color: rgb(4, 79, 143);\">PRIVACY CONDOMINIALE<\/span><\/h4> <p  class=\"\">I dati personali sono sempre al sicuro, grazie alla gestione della privacy condominiale effettuata tramite applicativi efficienti e sicuri. \n<br >Accedi all\u2019area privacy condominiale per poter scaricare l\u2019informativa condominiale.<\/p> <a class=\"button color7 square\" href=\"https:\/\/www.d360.cloud\/privacycondominiale\" target=\"_self\" data-cp-link=\"1\" data-icon=\"\" rel=\"noopener noreferrer\">ACCEDI<\/a><\/div><div  class=\"col col-sm-6 space-bottom col-md-4\"> <i  class=\"fa icon fa-table bordered round big color7\"><\/i> <h4  class=\"\"><span  style=\"color: rgb(4, 79, 143); font-weight: 700;\">AREA RISERVATA<\/span><\/h4> <p  class=\"\">Grazie alla gestione informatizzata, i condomini possono reperire immediatamente e comodamente tutti i documenti e i dati a cui sono interessati. Accedi all\u2019 Area Riservata per visualizzare documenti dell\u2019immobile e rate condominiali aggiornate.<\/p> <a class=\"button color7 square\" href=\"https:\/\/www.d360.cloud\" target=\"_self\" data-cp-link=\"1\" data-icon=\"\" rel=\"noopener noreferrer\">ACCEDI<\/a><\/div><div  class=\"col col-sm-6 space-bottom col-md-4\"><i  class=\"fa icon fa-connectdevelop bordered round big color7\"><\/i> <h4  class=\"\"><span  style=\"font-weight: 700; color: rgb(4, 79, 143);\">GESTIONE INTERVENTI<\/span><\/h4> <p  class=\"\">Lo studio prende in carico segnalazioni da parte di consiglieri e condomini ed esegue gli interventi pi\u00f9 appropriati in modo rapido e risolutivo.<\/p> <\/div> <div  class=\"col col-sm-6 space-bottom col-md-4\"> <i  class=\"fa icon fa-commenting-o bordered round big color7\"><\/i> <h4  class=\"\"><span  style=\"font-weight: 700; color: rgb(4, 79, 143);\">CONSULENZA FINANZIARIA<\/span><\/h4> <p  class=\"\">Lo studio offre ai condomini una consulenza personalizzata relativa ai finanziamenti per lavori di ristrutturazione.<\/p> <\/div>  <\/div><\/div> <\/div><div  data-label=\"Overlappable\" data-id=\"overlappable--1\" data-export-id=\"overlappable-3\" data-category=\"overlappable\" class=\"overlappable-3 content-section content-section-spacing\" data-overlap=\"true\" id=\"overlappable-1\" style=\"background-color: rgb(255, 255, 255);\"><div  class=\"gridContainer\"> <div  class=\"row bg-color-white shadow-medium\"><div  class=\"col-xs-12 col-sm-6 image-col first-image-col\" data-bg=\"image\"><\/div> <div  class=\"col-xs-12 col-sm-6 content-col col-padding col-padding-xs\"> <div  class=\"col-padding\" data-type=\"column\"> <h4  class=\"\">RISPOSTA IMMEDIATA<\/h4> <p  class=\"\">Gli interventi richiesti dai nostri condomini vengono evasi dal personale di studio con grande tempestivit\u00e0. Lo studio mette a disposizione dei <span  style=\"font-weight: 700;\">numeri di emergenza&nbsp;<\/span>che possono essere utilizzati solamente in caso di effettiva urgenza ed utilita\u0300 del Condominio, e qualora non fosse possibile reperire l\u2019amministrazione durante il mese di agosto o periodi di chiusura dello studio. In caso di necessita\u0300 private e\u0300 a Vostra cura l\u2019intero rapporto ed i costi relativi.\n<br ><br ><span  style=\"font-weight: 700;\"><a data-mce-href=\"wp-content\/uploads\/2020\/07\/NUMERI-DI-EMERGENZA.pdf\" href=\"wp-content\/uploads\/2020\/07\/NUMERI-DI-EMERGENZA.pdf\" target=\"_blank\" rel=\"noopener noreferrer\" data-mce-selected=\"inline-boundary\" data-cp-link=\"1\" class=\"\"><span  style=\"text-decoration: underline;\">Numeri di emergenza<\/span>\ufeff<\/a><\/span><\/p> <\/div> <\/div><\/div> <div  class=\"row bg-color-white shadow-medium\"><div  class=\"col-xs-12 col-sm-6 content-col col-padding col-padding-xs\"> <div  class=\"col-padding\" data-type=\"column\"><h4  class=\"\">COLLABORATORI<\/h4> <p  class=\"\">Grazie al lavoro coordinato di pi\u00f9 professionisti e consulenti di fiducia esterni, lo studio d\u2019amministrazione \u00e8 in grado di garantire la massima assistenza in ogni ambito della vita condominiale. <\/p> <h4  class=\"\">PARTNERSHIP<\/h4><p  class=\"\">Lo studio \u00e8 seguito internamente da un avvocato, con il quale collabora da anni e che garantisce la sua presenza, previo appuntamento, anche per consulenze richieste dai condomini. Contatta lo studio per ulteriori informazioni.<\/p><\/div> <\/div> <div  class=\"col-xs-12 col-sm-6 image-col second-image-col first-xs last-sm\" data-bg=\"image\" style=\"background-image: url(&quot;https:\/\/studiolaspina.com\/wp-content\/uploads\/2019\/10\/Perch\u00e8-sceglierci-2-Copy.jpg&quot;);\"><\/div> <\/div><\/div> <\/div><div  data-label=\"Cta\" data-id=\"cta--3\" data-export-id=\"cta-centered-section-grid\" data-category=\"cta\" class=\"cta-centered-section-grid content-section content-section-spacing-medium bg-color1 white-text\" id=\"cta-4\" style=\"background-image: none; background-color: rgb(5, 79, 143);\"><div  class=\"gridContainer\"> <div  class=\"row text-center\"><div  class=\"col-xs-12 col-sm-10 col-sm-offset-1 col-md-8 col-md-offset-2\" data-type=\"column\">  <p  class=\"\">Lo Studio \u00e8 aperto dal Luned\u00ec al Venerd\u00ec,<br >\ndalle 09.00 alle 13.00 e dalle 14.30 alle 18.00.<br >\nSi riceve su appuntamento.<\/p> <\/div> <\/div><\/div> <\/div><div  data-label=\"Contatti\" data-id=\"contact--1\" data-export-id=\"contact-7\" data-category=\"contact\" class=\"contact-7 content-section content-section-spacing white-text\" data-parallax-depth=\"20\" id=\"contatti\" style=\"background-color: rgb(245, 250, 253); background-image: url(&quot;https:\/\/studiolaspina.com\/wp-content\/uploads\/2020\/07\/CHI-SIAMO.jpg&quot;); background-size: cover; background-position: center top;\"><div  class=\"gridContainer\"> <div  class=\"row text-center\"><div  class=\"col-xs-12\"> <div  class=\"card no-padding\"><div  class=\"row\"> <div  class=\"col-xs-12 col-sm-6 contact-form-wrapper inline-info shadow-medium\"><h2  class=\"text-center font-300 color-black\">Entra in <span  style=\"font-weight: 600;\">contatto<\/span> con noi: richiedi un preventivo<\/h2> <div  class=\"\" data-content-shortcode=\"mesmerize_contact_form shortcode=&quot;contact-form-7 id=&amp;amp;quot;39&amp;amp;quot; title=&amp;amp;quot;Modulo di contatto 1&amp;amp;quot;&quot;\" data-editable=\"true\"><div role=\"form\" class=\"wpcf7\" id=\"wpcf7-f39-o1\" lang=\"it-IT\" dir=\"ltr\">\n<div class=\"screen-reader-response\"><\/div>\n<form action=\"\/index.php?rest_route=%2Fwp%2Fv2%2Fpages%2F6#wpcf7-f39-o1\" method=\"post\" class=\"wpcf7-form wpcf7-acceptance-as-validation\" novalidate=\"novalidate\">\n<div style=\"display: none;\">\n<input type=\"hidden\" name=\"_wpcf7\" value=\"39\" \/>\n<input type=\"hidden\" name=\"_wpcf7_version\" value=\"5.1.4\" \/>\n<input type=\"hidden\" name=\"_wpcf7_locale\" value=\"it_IT\" \/>\n<input type=\"hidden\" name=\"_wpcf7_unit_tag\" value=\"wpcf7-f39-o1\" \/>\n<input type=\"hidden\" name=\"_wpcf7_container_post\" value=\"0\" \/>\n<\/div>\n<p class=\"input-form\">\n<label> Nome*<br \/>\n    <span class=\"wpcf7-form-control-wrap your-name\"><input type=\"text\" name=\"your-name\" value=\"\" size=\"40\" class=\"wpcf7-form-control wpcf7-text wpcf7-validates-as-required\" aria-required=\"true\" aria-invalid=\"false\" \/><\/span> <\/label><\/p>\n<p class=\"input-form\">\n<label> Email*<br \/>\n    <span class=\"wpcf7-form-control-wrap your-email\"><input type=\"email\" name=\"your-email\" value=\"\" size=\"40\" class=\"wpcf7-form-control wpcf7-text wpcf7-email wpcf7-validates-as-required wpcf7-validates-as-email\" aria-required=\"true\" aria-invalid=\"false\" \/><\/span> <\/label><\/p>\n<p class=\"input-form\">\n<label> Oggetto*<br \/>\n    <span class=\"wpcf7-form-control-wrap your-subject\"><input type=\"text\" name=\"your-subject\" value=\"\" size=\"40\" class=\"wpcf7-form-control wpcf7-text wpcf7-validates-as-required\" aria-required=\"true\" aria-invalid=\"false\" \/><\/span> <\/label><\/p>\n<p class=\"input-form input-form100\">\n<label> Inserisci un tuo messaggio<br \/>\n    <span class=\"wpcf7-form-control-wrap your-message\"><textarea name=\"your-message\" cols=\"40\" rows=\"10\" class=\"wpcf7-form-control wpcf7-textarea\" aria-invalid=\"false\"><\/textarea><\/span> <\/label><\/p>\n<p class=\"input-form input-form100\">\n<span class=\"wpcf7-form-control-wrap accept-this-3\"><span class=\"wpcf7-form-control wpcf7-acceptance\"><span class=\"wpcf7-list-item\"><label><input type=\"checkbox\" name=\"accept-this-3\" value=\"1\" aria-invalid=\"false\" \/><span class=\"wpcf7-list-item-label\">AUTORIZZO IL <a target=\"_blank\" href=\"https:\/\/studiolaspina.com\/privacy-policy\/\" style=\"text-decoration:underline;\">TRATTAMENTO DEI DATI PERSONALI<\/a><\/span><\/label><\/span><\/span><\/span>\n<\/p>\n<p>*campo obbligatorio<\/p>\n<p class=\"par-button-contact7\">\n<input type=\"submit\" value=\"Invia\" class=\"wpcf7-form-control wpcf7-submit\" \/><\/p>\n<div class=\"wpcf7-response-output wpcf7-display-none\"><\/div><\/form><\/div><\/div><\/div> <div  class=\"col-xs-12 col-sm-6 map-col\"><div  data-content-shortcode=\"mesmerize_maps address=&quot;Via Pietro Custodi 3,  Milano, 20136&quot; zoom=&quot;65&quot;\" data-editable=\"true\" class=\"map-wrapper\"><iframe class=\"mesmerize-google-maps mesmerize-frame-map\" src=\"https:\/\/maps.google.com\/maps?q=Via Pietro Custodi 3,  Milano, 20136&amp;z=14&amp;t=m&amp;output=embed&amp;iwloc=near\"><\/iframe><\/div><\/div> <\/div><\/div> <\/div><\/div> <\/div><\/div>","protected":false},"excerpt":{"rendered":"<p>AMMINISTRAZIONI IMMOBILIARI SRL UN BINOMIO VINCENTE: COMPETENZA ED ESPERIENZA PER UN VERO RISPARMIO ECONOMICO La professionalita\u0300, la competenza, l\u2019esperienza nel settore e la fiducia del cliente ci permettono di risolvere in tempi rapidi le problematiche connesse agli immobili, che spesso, si riscontrano quando si acquisisce un nuovo stabile, nella rendicontazione e pertanto nella necessita\u0300 di&hellip; <br \/> <a class=\"read-more\" href=\"https:\/\/studiolaspina.com\/\">Read more<\/a><\/p>\n","protected":false},"author":1,"featured_media":0,"parent":0,"menu_order":0,"comment_status":"closed","ping_status":"closed","template":"page-templates\/homepage.php","meta":{"footnotes":""},"class_list":["post-6","page","type-page","status-publish","hentry"],"_links":{"self":[{"href":"https:\/\/studiolaspina.com\/index.php?rest_route=\/wp\/v2\/pages\/6","targetHints":{"allow":["GET"]}}],"collection":[{"href":"https:\/\/studiolaspina.com\/index.php?rest_route=\/wp\/v2\/pages"}],"about":[{"href":"https:\/\/studiolaspina.com\/index.php?rest_route=\/wp\/v2\/types\/page"}],"author":[{"embeddable":true,"href":"https:\/\/studiolaspina.com\/index.php?rest_route=\/wp\/v2\/users\/1"}],"replies":[{"embeddable":true,"href":"https:\/\/studiolaspina.com\/index.php?rest_route=%2Fwp%2Fv2%2Fcomments&post=6"}],"version-history":[{"count":80,"href":"https:\/\/studiolaspina.com\/index.php?rest_route=\/wp\/v2\/pages\/6\/revisions"}],"predecessor-version":[{"id":536,"href":"https:\/\/studiolaspina.com\/index.php?rest_route=\/wp\/v2\/pages\/6\/revisions\/536"}],"wp:attachment":[{"href":"https:\/\/studiolaspina.com\/index.php?rest_route=%2Fwp%2Fv2%2Fmedia&parent=6"}],"curies":[{"name":"wp","href":"https:\/\/api.w.org\/{rel}","templated":true}]}}